

{"id":7798,"date":"2022-04-27T18:31:52","date_gmt":"2022-04-27T09:31:52","guid":{"rendered":"http:\/\/wwwchem.sci.hokudai.ac.jp\/~cc\/?page_id=7798"},"modified":"2023-05-11T11:01:47","modified_gmt":"2023-05-11T02:01:47","slug":"publication-2022","status":"publish","type":"page","link":"https:\/\/wwwchem.sci.hokudai.ac.jp\/~cc\/publication\/publication-2022\/","title":{"rendered":"2022\u5e74"},"content":{"rendered":"<h2>Publication list in 2022<\/h2>\r\n<table border=\"0\" cellspacing=\"0\" cellpadding=\"8\">\r\n<tbody>\r\n<tr valign=\"top\">\r\n<td>1<\/td>\r\n<td>Efficient water reduction by ruthenium-picolinate dye-sensitized photocatalyst under red light illumination<br>\r\nT. Shimamura, N. Yoshimura, H. Otsuka, M. Yoshida, A. Kobayashi<br>\r\n<a href=\"https:\/\/doi.org\/10.1016\/j.jphotochem.2022.114412\" target=\"_blank\" rel=\"noopener\"><i>J. Photochem. Photobiol. A:Chem.<\/i> <strong>2022<\/strong>, <i>463<\/i>, 114412.<\/a><\/td>\r\n<\/tr>\r\n<tr valign=\"top\">\r\n<td>2<\/td>\r\n<td>Recent Developments of Photoactive Cu(I) and Ag(I) complexes with Diphosphine and Related Ligands<br>\r\nH. Takeda, A. Kobayashi, K. Tsuge<br>\r\n<a href=\"https:\/\/doi.org\/10.1016\/j.ccr.2022.214700\" target=\"_blank\" rel=\"noopener\"><i>Coord. Chem. Rev.<\/i> <strong>2022<\/strong>, <i>470<\/i>, 214700.<\/a><\/td>\r\n<\/tr>\r\n<tr valign=\"top\">\r\n<td>3<\/td>\r\n<td>Photocatalyst\u2013mediator Interface Modification by Surface-metal Cations of a Dye-sensitized H<sub>2<\/sub> Evolution Photocatalyst<br>\r\nN. Yoshimura, M. Yoshida, M. Kato, A. Kobayashi<br>\r\n<a href=\"https:\/\/doi.org\/10.1021\/acs.inorgchem.2c00851\" target=\"_blank\" rel=\"noopener\"><i>Inorg. Chem.<\/i> <strong>2022<\/strong>, <i>61<\/i>, 11095\u201311102.<\/a><\/td>\r\n<\/tr>\r\n<tr valign=\"top\">\r\n<td>4<\/td>\r\n<td>Water Reduction Photocathodes Based on Ru-complex Dyes Covered with a Conjugated Polymer Nanosheet<br>\r\nT. Shimamura, A. Kobayashi, Y. Oaki, M. Yoshida, M. Kato<br>\r\n<a href=\"https:\/\/doi.org\/10.1021\/acs.energyfuels.2c00859\" target=\"_blank\" rel=\"noopener\"><i>Energy &#038; Fuels<\/i> <strong>2022<\/strong>, <i>36<\/i>, 11559\u201311566.<\/a><\/td>\r\n<\/tr>\r\n<tr valign=\"top\">\r\n<td>5<\/td>\r\n<td>Photofunctional Molecular Assembly for Artificial Photosynthesis: Beyond a Simple Dye Sensitization Strategy<br>\r\nA. Kobayashi, S. Takizawa, M. Hirahara<br>\r\n<a href=\"https:\/\/doi.org\/10.1016\/j.ccr.2022.214624\" target=\"_blank\" rel=\"noopener\"><i>Coord. Chem. Rev.<\/i> <strong>2022<\/strong>, <i>467<\/i>, 214624.<\/a><\/td>\r\n<\/tr>\r\n<tr valign=\"top\">\r\n<td>6<\/td>\r\n<td>Fabrication of Ru-dye-sensitized Photoanodes Composed of a Prussian White-Prussian Blue Heterojunction toward Water Oxidation<br>\r\nA. Kobayashi, H. Otsuka, M. Yoshida, M. Kato<br>\r\n<a href=\"https:\/\/doi.org\/10.1246\/cl.220184\" target=\"_blank\" rel=\"noopener\"--><i>Chem. Lett.<\/i> <strong>2022<\/strong>, <i>10<\/i>, 697\u2013699.<\/a><\/td>\r\n<\/tr>\r\n<tr valign=\"top\">\r\n<td>7<\/td>\r\n<td>Reversible and Stepwise Single-Crystal-to-Single-Crystal Transformation of a Platinum(II) Complex with Vapochromic Luminescence<br>\r\nD. Saito, T. Galica, E. Nishibori, M. Yoshida, A. Kobayashi, M. Kato<br>\r\n<a href=\"https:\/\/doi.org\/10.1002\/chem.202200703\" target=\"_blank\" rel=\"noopener\"><i>Chem. Eur. J.<\/i> <strong>2022<\/strong>, <i>28<\/i>, e202200703.<\/a><br>\r\n<a href=\"https:\/\/doi.org\/10.1002\/chem.202201461\" target=\"_blank\" rel=\"noopener\">(Selected as an Inside Cover) <\/a><\/td>\r\n<\/tr>\r\n<tr valign=\"top\">\r\n<td>8<\/td>\r\n<td>Thermo\u2010 and Mechano\u2010Triggered Luminescence ON\/OFF Switching by Supercooled Liquid\/Crystal Transition of Platinum(II) Complex Thin Films<br>\r\nM. Yoshida, V. S\u00e4\u00e4sk, D. Saito, N. Yoshimura, J. Takayama, S. Hiura, A. Murayama, K. P\u00f5hako-Esko, A. Kobayashi, M. Kato<br>\r\n<a href=\"https:\/\/doi.org\/10.1002\/adom.202102614\" target=\"_blank\" rel=\"noopener\"><i>Adv. Opt. Mater.<\/i> <strong>2022<\/strong>, <i>10<\/i>, 2102614.<\/a><br>\r\n<a href=\"https:\/\/doi.org\/10.1002\/adom.202270028\" target=\"_blank\" rel=\"noopener\">(Selected as a Back Cover) <\/a><\/td>\r\n<\/tr>\r\n<tr valign=\"top\">\r\n<td>9<\/td>\r\n<td>New Aspects of Vapochromic Metal Complexes: Cooperative Phenomena in Functions and Structures<br>\r\nM. Kato, M. Yoshida, Y. Sun, A. Kobayashi<br>\r\n<a href=\"https:\/\/doi.org\/10.1016\/j.jphotochemrev.2021.100477\" target=\"_blank\" rel=\"noopener\"><i>J. Photochem. Photobiol. C: Photochem. Rev.<\/i> <strong>2022<\/strong>, <i>51<\/i>, 100477.<\/a><\/td>\r\n<\/tr>\r\n<\/tbody>\r\n<\/table>","protected":false},"excerpt":{"rendered":"<p>Publication list in 2022 1 Efficient water reduction by ruthenium-picolinate dye-sensitized photocatalyst unde [&hellip;]<\/p>\n","protected":false},"author":1,"featured_media":0,"parent":13,"menu_order":3,"comment_status":"closed","ping_status":"closed","template":"","meta":{"footnotes":""},"_links":{"self":[{"href":"https:\/\/wwwchem.sci.hokudai.ac.jp\/~cc\/wp-json\/wp\/v2\/pages\/7798"}],"collection":[{"href":"https:\/\/wwwchem.sci.hokudai.ac.jp\/~cc\/wp-json\/wp\/v2\/pages"}],"about":[{"href":"https:\/\/wwwchem.sci.hokudai.ac.jp\/~cc\/wp-json\/wp\/v2\/types\/page"}],"author":[{"embeddable":true,"href":"https:\/\/wwwchem.sci.hokudai.ac.jp\/~cc\/wp-json\/wp\/v2\/users\/1"}],"replies":[{"embeddable":true,"href":"https:\/\/wwwchem.sci.hokudai.ac.jp\/~cc\/wp-json\/wp\/v2\/comments?post=7798"}],"version-history":[{"count":31,"href":"https:\/\/wwwchem.sci.hokudai.ac.jp\/~cc\/wp-json\/wp\/v2\/pages\/7798\/revisions"}],"predecessor-version":[{"id":8176,"href":"https:\/\/wwwchem.sci.hokudai.ac.jp\/~cc\/wp-json\/wp\/v2\/pages\/7798\/revisions\/8176"}],"up":[{"embeddable":true,"href":"https:\/\/wwwchem.sci.hokudai.ac.jp\/~cc\/wp-json\/wp\/v2\/pages\/13"}],"wp:attachment":[{"href":"https:\/\/wwwchem.sci.hokudai.ac.jp\/~cc\/wp-json\/wp\/v2\/media?parent=7798"}],"curies":[{"name":"wp","href":"https:\/\/api.w.org\/{rel}","templated":true}]}}